{"id":37,"date":"2019-01-26T21:45:13","date_gmt":"2019-01-26T21:45:13","guid":{"rendered":"https:\/\/fbw-nordheim.de\/?page_id=37"},"modified":"2024-04-16T15:02:47","modified_gmt":"2024-04-16T14:02:47","slug":"unsere-ziele","status":"publish","type":"page","link":"https:\/\/fbw-nordheim.de\/?page_id=37","title":{"rendered":"Unser Profil"},"content":{"rendered":"\n<p class=\"has-medium-font-size wp-block-paragraph\"><strong>Wir wollen Profil zeigen f\u00fcr\u2026<\/strong><\/p>\n\n\n\n<p class=\"has-medium-font-size wp-block-paragraph\"><strong>\u2026 Bauen und Infrastruktur:<\/strong><\/p>\n\n\n\n<ul class=\"wp-block-list\">\n<li>Ortskernsanierung Nordhausen<\/li>\n\n\n\n<li>Nahw\u00e4rmekonzept f\u00fcr Nordhausen<\/li>\n\n\n\n<li>Realisierung Gewerbegebiet Breitenbaum<\/li>\n\n\n\n<li>Baul\u00fccken schlie\u00dfen<\/li>\n\n\n\n<li>Weiterentwicklung der gemeindeeigenen Liegenschaften<\/li>\n\n\n\n<li>Bauvorschriften \u2013 alte Bebauungspl\u00e4ne \u00fcberdenken<\/li>\n\n\n\n<li>Entwicklung S\u00fcdstra\u00dfe\/Ecke Lauffener<\/li>\n\n\n\n<li>Stra\u00dfe \u201eSonnengarten\u201c<\/li>\n\n\n\n<li>Seewiesen Nordhausen \u2013 Umwandlung<\/li>\n\n\n\n<li>Gewerbegebiet zu Wohngebiet<\/li>\n\n\n\n<li>\u00d6PNV st\u00e4rken \u2013 Zaberg\u00e4ubahn<\/li>\n\n\n\n<li>Trinkwasserversorgung zukunftsf\u00e4hig machen<\/li>\n\n\n\n<li>Erhalt des B\u00fcrgerbusses<\/li>\n<\/ul>\n\n\n\n<p class=\"has-medium-font-size wp-block-paragraph\"><strong>&#8230;Kinder, Jugend und Senioren:<\/strong><\/p>\n\n\n\n<ul class=\"wp-block-list\">\n<li>Bestm\u00f6gliche Betreuung f\u00fcr unsere Kleinsten<\/li>\n\n\n\n<li>Gute Bildung von Anfang an<\/li>\n\n\n\n<li>St\u00e4rkung der Schulstandorte<\/li>\n\n\n\n<li>Sichere Verkehrs- und Schulwege<\/li>\n\n\n\n<li>F\u00f6rderung der Ganztagesbetreuung an der Grundschule<\/li>\n\n\n\n<li>Unterst\u00fctzung des Jugendhauses<\/li>\n\n\n\n<li>Bestehende Begegnungsm\u00f6glichkeiten f\u00fcr Senioren f\u00f6rdern und ausbauen<\/li>\n\n\n\n<li>Seniorengerechtes Leben unterst\u00fctzen<\/li>\n<\/ul>\n\n\n\n<p class=\"has-medium-font-size wp-block-paragraph\"><strong>&#8230;\u00d6kologie<\/strong><\/p>\n\n\n\n<ul class=\"wp-block-list\">\n<li>Unterst\u00fctzung der Transformation zur Energiewende<\/li>\n\n\n\n<li>Windkraft am Heuchelberg<\/li>\n\n\n\n<li>Umwelt \u2013 Bildung<\/li>\n\n\n\n<li>Naturschutz im kommunalen Einklang<\/li>\n<\/ul>\n\n\n\n<p class=\"has-medium-font-size wp-block-paragraph\"><strong>&#8230;Kultur<\/strong><\/p>\n\n\n\n<ul class=\"wp-block-list\">\n<li>325 Jahre Nordhausen lebendig feiern<\/li>\n\n\n\n<li>St\u00e4rkung des Vereinslebens<\/li>\n\n\n\n<li>Durchf\u00fchrung eines j\u00e4hrlichen Open Airs im Park<\/li>\n\n\n\n<li>Intensivierung der Beziehungen zu anderen \u201eNordheims\u201c<\/li>\n\n\n\n<li>Unterst\u00fctzung der Integrationsarbeit<\/li>\n<\/ul>\n\n\n<p class=\"has-medium-font-size\"><strong>&#8230;Finanzen<\/strong><\/p>\n\n\n<ul class=\"wp-block-list\">\n<li>Solide Finanzpolitik mit realistischem Blick auf das Machbare<\/li>\n\n\n\n<li>Handlungsf\u00e4higkeit f\u00fcr die nachfolgenden Generationen erm\u00f6glichen<\/li>\n<\/ul>\n\n\n\n\t\t<!-- MasterSlider -->\n\t\t<div id=\"P_MS6a006e518ecee\" class=\"master-slider-parent msl ms-parent-id-1\" style=\"\">\n\n\t\t\t\n\t\t\t<!-- MasterSlider Main -->\n\t\t\t<div id=\"MS6a006e518ecee\" class=\"master-slider ms-skin-light-3\" >\n\t\t\t\t \t\t\t\t \n\t\t\t\t<div  class=\"ms-slide\" data-delay=\"3\" data-fill-mode=\"fill\"  >\n\t\t\t\t\t<img decoding=\"async\" src=\"https:\/\/fbw-nordheim.de\/wp-content\/plugins\/master-slider\/public\/assets\/css\/blank.gif\" alt=\"\" title=\"\" data-src=\"https:\/\/fbw-nordheim.de\/wp-content\/uploads\/2024\/04\/IMG_3608t-min-scaled.jpg\" \/>\n\n\n\t<div class=\"ms-thumb\" ><div class=\"ms-tab-context\"><div class=\"&quot;ms-tab-context&quot;\"><\/div><\/div>\n<\/div>\n\t\t\t\t<\/div>\n\t\t\t\t<div  class=\"ms-slide\" data-delay=\"2\" data-fill-mode=\"fill\"  >\n\t\t\t\t\t<img decoding=\"async\" src=\"https:\/\/fbw-nordheim.de\/wp-content\/plugins\/master-slider\/public\/assets\/css\/blank.gif\" alt=\"\" title=\"\" data-src=\"https:\/\/fbw-nordheim.de\/wp-content\/uploads\/2024\/04\/Nordhausen-1-min-scaled.jpg\" \/>\n\n\n\t<div class=\"ms-thumb\" ><div class=\"ms-tab-context\"><div class=\"&quot;ms-tab-context&quot;\"><\/div><\/div>\n<\/div>\n\t\t\t\t<\/div>\n\t\t\t\t<div  class=\"ms-slide\" data-delay=\"3\" data-fill-mode=\"fill\"  >\n\t\t\t\t\t<img decoding=\"async\" src=\"https:\/\/fbw-nordheim.de\/wp-content\/plugins\/master-slider\/public\/assets\/css\/blank.gif\" alt=\"\" title=\"\" data-src=\"https:\/\/fbw-nordheim.de\/wp-content\/uploads\/2024\/04\/IMG_7857-1-min-scaled.jpg\" \/>\n\n\n\t<div class=\"ms-thumb\" ><div class=\"ms-tab-context\"><div class=\"&quot;ms-tab-context&quot;\"><\/div><\/div>\n<\/div>\n\t\t\t\t<\/div>\n\t\t\t\t<div  class=\"ms-slide\" data-delay=\"3\" data-fill-mode=\"fill\"  >\n\t\t\t\t\t<img decoding=\"async\" src=\"https:\/\/fbw-nordheim.de\/wp-content\/plugins\/master-slider\/public\/assets\/css\/blank.gif\" alt=\"\" title=\"\" data-src=\"https:\/\/fbw-nordheim.de\/wp-content\/uploads\/2024\/04\/DSC02652n-min-scaled.jpg\" \/>\n\n\n\t<div class=\"ms-thumb\" ><div class=\"ms-tab-context\"><div class=\"&quot;ms-tab-context&quot;\"><\/div><\/div>\n<\/div>\n\t\t\t\t<\/div>\n\t\t\t\t<div  class=\"ms-slide\" data-delay=\"3\" data-fill-mode=\"fill\"  >\n\t\t\t\t\t<img decoding=\"async\" src=\"https:\/\/fbw-nordheim.de\/wp-content\/plugins\/master-slider\/public\/assets\/css\/blank.gif\" alt=\"\" title=\"\" data-src=\"https:\/\/fbw-nordheim.de\/wp-content\/uploads\/2024\/04\/IMG_7841-min-scaled.jpg\" \/>\n\n\n\t<div class=\"ms-thumb\" ><div class=\"ms-tab-context\"><div class=\"&quot;ms-tab-context&quot;\"><\/div><\/div>\n<\/div>\n\t\t\t\t<\/div>\n\t\t\t\t<div  class=\"ms-slide\" data-delay=\"3\" data-fill-mode=\"fill\"  >\n\t\t\t\t\t<img decoding=\"async\" src=\"https:\/\/fbw-nordheim.de\/wp-content\/plugins\/master-slider\/public\/assets\/css\/blank.gif\" alt=\"\" title=\"\" data-src=\"https:\/\/fbw-nordheim.de\/wp-content\/uploads\/2024\/04\/IMG_7717-min-scaled.jpg\" \/>\n\n\n\t<div class=\"ms-thumb\" ><div class=\"ms-tab-context\"><div class=\"&quot;ms-tab-context&quot;\"><\/div><\/div>\n<\/div>\n\t\t\t\t<\/div>\n\t\t\t\t<div  class=\"ms-slide\" data-delay=\"3\" data-fill-mode=\"fill\"  >\n\t\t\t\t\t<img decoding=\"async\" src=\"https:\/\/fbw-nordheim.de\/wp-content\/plugins\/master-slider\/public\/assets\/css\/blank.gif\" alt=\"\" title=\"\" data-src=\"https:\/\/fbw-nordheim.de\/wp-content\/uploads\/2024\/04\/IMG_2407b-min-scaled.jpg\" \/>\n\n\n\t<div class=\"ms-thumb\" ><div class=\"ms-tab-context\"><div class=\"&quot;ms-tab-context&quot;\"><\/div><\/div>\n<\/div>\n\t\t\t\t<\/div>\n\t\t\t\t<div  class=\"ms-slide\" data-delay=\"3\" data-fill-mode=\"fill\"  >\n\t\t\t\t\t<img decoding=\"async\" src=\"https:\/\/fbw-nordheim.de\/wp-content\/plugins\/master-slider\/public\/assets\/css\/blank.gif\" alt=\"\" title=\"\" data-src=\"https:\/\/fbw-nordheim.de\/wp-content\/uploads\/2024\/04\/IMG_1286ee-min-scaled.jpg\" \/>\n\n\n\t<div class=\"ms-thumb\" ><div class=\"ms-tab-context\"><div class=\"&quot;ms-tab-context&quot;\"><\/div><\/div>\n<\/div>\n\t\t\t\t<\/div>\n\t\t\t\t<div  class=\"ms-slide\" data-delay=\"3\" data-fill-mode=\"fill\"  >\n\t\t\t\t\t<img decoding=\"async\" src=\"https:\/\/fbw-nordheim.de\/wp-content\/plugins\/master-slider\/public\/assets\/css\/blank.gif\" alt=\"\" title=\"\" data-src=\"https:\/\/fbw-nordheim.de\/wp-content\/uploads\/2024\/04\/IMG_0392-min-scaled.jpg\" \/>\n\n\n\t<div class=\"ms-thumb\" ><div class=\"ms-tab-context\"><div class=\"&quot;ms-tab-context&quot;\"><\/div><\/div>\n<\/div>\n\t\t\t\t<\/div>\n\t\t\t\t<div  class=\"ms-slide\" data-delay=\"3\" data-fill-mode=\"fill\"  >\n\t\t\t\t\t<img decoding=\"async\" src=\"https:\/\/fbw-nordheim.de\/wp-content\/plugins\/master-slider\/public\/assets\/css\/blank.gif\" alt=\"\" title=\"\" data-src=\"https:\/\/fbw-nordheim.de\/wp-content\/uploads\/2024\/04\/Nordheim-Bild-min-scaled.jpg\" \/>\n\n\n\t<div class=\"ms-thumb\" ><div class=\"ms-tab-context\"><div class=\"&quot;ms-tab-context&quot;\"><\/div><\/div>\n<\/div>\n\t\t\t\t<\/div>\n\t\t\t\t<div  class=\"ms-slide\" data-delay=\"3\" data-fill-mode=\"fill\"  >\n\t\t\t\t\t<img decoding=\"async\" src=\"https:\/\/fbw-nordheim.de\/wp-content\/plugins\/master-slider\/public\/assets\/css\/blank.gif\" alt=\"\" title=\"\" data-src=\"https:\/\/fbw-nordheim.de\/wp-content\/uploads\/2024\/04\/DSCF1244-min-scaled.jpg\" \/>\n\n\n\t<div class=\"ms-thumb\" ><div class=\"ms-tab-context\"><div class=\"&quot;ms-tab-context&quot;\"><\/div><\/div>\n<\/div>\n\t\t\t\t<\/div>\n\t\t\t\t<div  class=\"ms-slide\" data-delay=\"3\" data-fill-mode=\"fill\"  >\n\t\t\t\t\t<img decoding=\"async\" src=\"https:\/\/fbw-nordheim.de\/wp-content\/plugins\/master-slider\/public\/assets\/css\/blank.gif\" alt=\"\" title=\"\" data-src=\"https:\/\/fbw-nordheim.de\/wp-content\/uploads\/2024\/04\/Nordheim-gesamt-min-scaled.jpg\" \/>\n\n\n\t<div class=\"ms-thumb\" ><div class=\"ms-tab-context\"><div class=\"&quot;ms-tab-context&quot;\"><\/div><\/div>\n<\/div>\n\t\t\t\t<\/div>\n\t\t\t\t<div  class=\"ms-slide\" data-delay=\"3\" data-fill-mode=\"fill\"  >\n\t\t\t\t\t<img decoding=\"async\" src=\"https:\/\/fbw-nordheim.de\/wp-content\/plugins\/master-slider\/public\/assets\/css\/blank.gif\" alt=\"\" title=\"\" data-src=\"https:\/\/fbw-nordheim.de\/wp-content\/uploads\/2024\/04\/DSCF1236-min-scaled.jpg\" \/>\n\n\n\t<div class=\"ms-thumb\" ><div class=\"ms-tab-context\"><div class=\"&quot;ms-tab-context&quot;\"><\/div><\/div>\n<\/div>\n\t\t\t\t<\/div>\n\t\t\t\t<div  class=\"ms-slide\" data-delay=\"3\" data-fill-mode=\"fill\"  >\n\t\t\t\t\t<img decoding=\"async\" src=\"https:\/\/fbw-nordheim.de\/wp-content\/plugins\/master-slider\/public\/assets\/css\/blank.gif\" alt=\"\" title=\"\" data-src=\"https:\/\/fbw-nordheim.de\/wp-content\/uploads\/2024\/04\/DSC02431c-min-scaled.jpg\" \/>\n\n\n\t<div class=\"ms-thumb\" ><div class=\"ms-tab-context\"><div class=\"&quot;ms-tab-context&quot;\"><\/div><\/div>\n<\/div>\n\t\t\t\t<\/div>\n\t\t\t\t<div  class=\"ms-slide\" data-delay=\"3\" data-fill-mode=\"fill\"  >\n\t\t\t\t\t<img decoding=\"async\" src=\"https:\/\/fbw-nordheim.de\/wp-content\/plugins\/master-slider\/public\/assets\/css\/blank.gif\" alt=\"\" title=\"\" data-src=\"https:\/\/fbw-nordheim.de\/wp-content\/uploads\/2024\/04\/57fd0493-4bf9-4497-94ab-58accf0565de.jpg\" \/>\n\n\n\t<div class=\"ms-thumb\" ><div class=\"ms-tab-context\"><div class=\"&quot;ms-tab-context&quot;\"><\/div><\/div>\n<\/div>\n\t\t\t\t<\/div>\n\t\t\t\t<div  class=\"ms-slide\" data-delay=\"3\" data-fill-mode=\"fill\"  >\n\t\t\t\t\t<img decoding=\"async\" src=\"https:\/\/fbw-nordheim.de\/wp-content\/plugins\/master-slider\/public\/assets\/css\/blank.gif\" alt=\"\" title=\"\" data-src=\"https:\/\/fbw-nordheim.de\/wp-content\/uploads\/2024\/04\/8e393b68-5a6b-4085-8683-8bcd7daca7be.jpg\" \/>\n\n\n\t<div class=\"ms-thumb\" ><div class=\"ms-tab-context\"><div class=\"&quot;ms-tab-context&quot;\"><\/div><\/div>\n<\/div>\n\t\t\t\t<\/div>\n\t\t\t\t<div  class=\"ms-slide\" data-delay=\"3\" data-fill-mode=\"fill\"  >\n\t\t\t\t\t<img decoding=\"async\" src=\"https:\/\/fbw-nordheim.de\/wp-content\/plugins\/master-slider\/public\/assets\/css\/blank.gif\" alt=\"\" title=\"\" data-src=\"https:\/\/fbw-nordheim.de\/wp-content\/uploads\/2024\/04\/Nordheim-Bild-2-min-scaled.jpg\" \/>\n\n\n\t<div class=\"ms-thumb\" ><div class=\"ms-tab-context\"><div class=\"&quot;ms-tab-context&quot;\"><\/div><\/div>\n<\/div>\n\t\t\t\t<\/div>\n\n\t\t\t<\/div>\n\t\t\t<!-- END MasterSlider Main -->\n\n\t\t\t \n\t\t<\/div>\n\t\t<!-- END MasterSlider -->\n\n\t\t<script>\n\t\t(function ( $ ) {\n\t\t\t\"use strict\";\n\n\t\t\t$(function () {\n\t\t\t\tvar masterslider_ecee = new MasterSlider();\n\n\t\t\t\t\/\/ slider controls\n\t\t\t\tmasterslider_ecee.control('arrows'     ,{ autohide:false, overVideo:true  });\t\t\t\tmasterslider_ecee.control('bullets'    ,{ autohide:true, overVideo:true, dir:'h', align:'bottom' , margin:10  });\n\n\t\t\t\tmasterslider_ecee.control('circletimer',{ autohide:false, overVideo:true, color:'#434343', radius:10, stroke:3   });\n\t\t\t\tmasterslider_ecee.control('timebar'    ,{ autohide:false, overVideo:true, align:'bottom', color:'#FFFFFF'  , width:4 });\n\t\t\t\t\/\/ slider setup\n\t\t\t\tmasterslider_ecee.setup(\"MS6a006e518ecee\", {\n\t\t\t\t\t\twidth           : 800,\n\t\t\t\t\t\theight          : 480,\n\t\t\t\t\t\tminHeight       : 0,\n\t\t\t\t\t\tspace           : 0,\n\t\t\t\t\t\tstart           : 1,\n\t\t\t\t\t\tgrabCursor      : true,\n\t\t\t\t\t\tswipe           : true,\n\t\t\t\t\t\tmouse           : true,\n\t\t\t\t\t\tlayout          : \"fullwidth\",\n\t\t\t\t\t\twheel           : false,\n\t\t\t\t\t\tautoplay        : true,\n\t\t\t\t\t\tinstantStartLayers:false,\n\t\t\t\t\t\tloop            : true,\n\t\t\t\t\t\tshuffle         : true,\n\t\t\t\t\t\tpreload         : 0,\n\t\t\t\t\t\theightLimit     : true,\n\t\t\t\t\t\tautoHeight      : true,\n\t\t\t\t\t\tsmoothHeight    : true,\n\t\t\t\t\t\tendPause        : false,\n\t\t\t\t\t\toverPause       : true,\n\t\t\t\t\t\tfillMode        : \"fill\",\n\t\t\t\t\t\tcenterControls  : true,\n\t\t\t\t\t\tstartOnAppear   : false,\n\t\t\t\t\t\tlayersMode      : \"center\",\n\t\t\t\t\t\thideLayers      : false,\n\t\t\t\t\t\tfullscreenMargin: 0,\n\t\t\t\t\t\tspeed           : 20,\n\t\t\t\t\t\tdir             : \"h\",\n\t\t\t\t\t\tparallaxMode    : 'swipe',\n\t\t\t\t\t\tview            : \"basic\"\n\t\t\t\t});\n\n\t\t\t\t\n\t\t\t\twindow.masterslider_instances = window.masterslider_instances || [];\n\t\t\t\twindow.masterslider_instances.push( masterslider_ecee );\n\t\t\t });\n\n\t\t})(jQuery);\n\t\t<\/script>\n\n\n\n\n\n<p class=\"wp-block-paragraph\">\t<!-- Gallery Engine Assets -->\r\n\t<style>\r\n\t\t#image_gallery_wrap_443 {\r\n            --ig-gutter: 8px;\r\n            --ig-cols-lg: 4;\r\n            --ig-cols-md: 3;\r\n            --ig-cols-sm: 2;\r\n            --ig-cols-xs: 1;\r\n            \r\n            \/* Dynamic Border Variables *\/\r\n                        --ig-radius: 8px;\r\n            --ig-card-radius: 8px;\r\n            --ig-card-padding: 8px;\r\n\r\n\r\n        }\r\n\t<\/style>\r\n        <div id=\"image_gallery_wrap_443\" \r\n        class=\"ig-gallery-outer-wrap ig-layout-masonry\" \r\n        data-layout=\"masonry\" \r\n        data-lb-loop=\"1\" \r\n        data-lb-label=\"Image %1 of %2\"\r\n        data-version=\"2.0.1\">\r\n\r\n<p class=\"ig-no-images\">No images found in this gallery.<\/p>    <\/div><\/p>\n","protected":false},"excerpt":{"rendered":"<p>Wir wollen Profil zeigen f\u00fcr\u2026 \u2026 Bauen und Infrastruktur: &#8230;Kinder, Jugend und Senioren: &#8230;\u00d6kologie &#8230;Kultur &#8230;Finanzen<\/p>\n","protected":false},"author":1,"featured_media":0,"parent":0,"menu_order":0,"comment_status":"closed","ping_status":"closed","template":"","meta":{"_crdt_document":"","footnotes":""},"class_list":["post-37","page","type-page","status-publish","hentry"],"_links":{"self":[{"href":"https:\/\/fbw-nordheim.de\/index.php?rest_route=\/wp\/v2\/pages\/37","targetHints":{"allow":["GET"]}}],"collection":[{"href":"https:\/\/fbw-nordheim.de\/index.php?rest_route=\/wp\/v2\/pages"}],"about":[{"href":"https:\/\/fbw-nordheim.de\/index.php?rest_route=\/wp\/v2\/types\/page"}],"author":[{"embeddable":true,"href":"https:\/\/fbw-nordheim.de\/index.php?rest_route=\/wp\/v2\/users\/1"}],"replies":[{"embeddable":true,"href":"https:\/\/fbw-nordheim.de\/index.php?rest_route=%2Fwp%2Fv2%2Fcomments&post=37"}],"version-history":[{"count":22,"href":"https:\/\/fbw-nordheim.de\/index.php?rest_route=\/wp\/v2\/pages\/37\/revisions"}],"predecessor-version":[{"id":460,"href":"https:\/\/fbw-nordheim.de\/index.php?rest_route=\/wp\/v2\/pages\/37\/revisions\/460"}],"wp:attachment":[{"href":"https:\/\/fbw-nordheim.de\/index.php?rest_route=%2Fwp%2Fv2%2Fmedia&parent=37"}],"curies":[{"name":"wp","href":"https:\/\/api.w.org\/{rel}","templated":true}]}}