{"id":369,"date":"2024-04-16T16:43:41","date_gmt":"2024-04-16T15:43:41","guid":{"rendered":"https:\/\/fbw-nordheim.de\/?page_id=369"},"modified":"2024-06-13T17:54:07","modified_gmt":"2024-06-13T16:54:07","slug":"unsere-kandidaten-2","status":"publish","type":"page","link":"https:\/\/fbw-nordheim.de\/?page_id=369","title":{"rendered":"Die Gemeinder\u00e4te"},"content":{"rendered":"\n<p class=\"wp-block-paragraph\"><\/p>\n\n\n\n<h3 class=\"wp-block-heading\"><strong><mark style=\"background-color:rgba(0, 0, 0, 0);color:#144f8f\" class=\"has-inline-color\">Vielen Dank f\u00fcr ihre Stimmen!<\/mark><\/strong><\/h3>\n\n\n\n<p class=\"wp-block-paragraph\"><\/p>\n\n\n\n<hr class=\"wp-block-separator has-alpha-channel-opacity\"\/>\n\n\n\n<div class=\"wp-block-media-text is-stacked-on-mobile\"><figure class=\"wp-block-media-text__media\"><a href=\"https:\/\/fbw-nordheim.de\/wp-content\/uploads\/2024\/04\/Michelbach-e2dc93d0-0be3-4ac7-8398-8483f3642df4.mp4\" target=\"_blank\" rel=\"noreferrer noopener\"><img loading=\"lazy\" decoding=\"async\" width=\"1024\" height=\"683\" src=\"https:\/\/fbw-nordheim.de\/wp-content\/uploads\/2024\/04\/1-20240211-IMG_8512-min-1024x683.jpg\" alt=\"\" class=\"wp-image-387 size-full\" srcset=\"https:\/\/fbw-nordheim.de\/wp-content\/uploads\/2024\/04\/1-20240211-IMG_8512-min-1024x683.jpg 1024w, https:\/\/fbw-nordheim.de\/wp-content\/uploads\/2024\/04\/1-20240211-IMG_8512-min-300x200.jpg 300w, https:\/\/fbw-nordheim.de\/wp-content\/uploads\/2024\/04\/1-20240211-IMG_8512-min-768x512.jpg 768w, https:\/\/fbw-nordheim.de\/wp-content\/uploads\/2024\/04\/1-20240211-IMG_8512-min-1536x1024.jpg 1536w, https:\/\/fbw-nordheim.de\/wp-content\/uploads\/2024\/04\/1-20240211-IMG_8512-min-2048x1365.jpg 2048w\" sizes=\"auto, (max-width: 1024px) 100vw, 1024px\" \/><\/a><\/figure><div class=\"wp-block-media-text__content\">\n<p class=\"wp-block-paragraph\"><strong>Harald Michelbach<\/strong><br>Realschullehrer, 53 Jahre,<br>verheiratet, 4 Kinder<br><em>Gemeinderat seit 2009<\/em><br>&#8222;Ich bin gerne\u2026 auch weiterhin im Gemeinderat, um die Zukunft von Nordheim und Nordhausen&nbsp;mitzugestalten.&#8220;<\/p>\n<\/div><\/div>\n\n\n\n<hr class=\"wp-block-separator has-alpha-channel-opacity\"\/>\n\n\n\n<div class=\"wp-block-media-text has-media-on-the-right is-stacked-on-mobile\"><div class=\"wp-block-media-text__content\">\n<p class=\"wp-block-paragraph\"><strong>Tobias Stopper<\/strong><br>Zimmerermeister und Dachdeckermeister,<br>34 Jahre, ledig<br><em>Gemeinderat seit 2019<\/em><br>&#8222;Ich bin gerne&#8230; oben, ob auf dem Dach oder in den Bergen.&#8220;<\/p>\n<\/div><figure class=\"wp-block-media-text__media\"><a href=\"https:\/\/fbw-nordheim.de\/wp-content\/uploads\/2024\/04\/55e0ebef-f8c8-4c4d-bb9d-bd26e07244d0.mp4\" target=\"_blank\" rel=\"noreferrer noopener\"><img loading=\"lazy\" decoding=\"async\" width=\"1024\" height=\"683\" src=\"https:\/\/fbw-nordheim.de\/wp-content\/uploads\/2024\/04\/2-20240211-IMG_8529-min-1-1024x683.jpg\" alt=\"\" class=\"wp-image-406 size-full\" srcset=\"https:\/\/fbw-nordheim.de\/wp-content\/uploads\/2024\/04\/2-20240211-IMG_8529-min-1-1024x683.jpg 1024w, https:\/\/fbw-nordheim.de\/wp-content\/uploads\/2024\/04\/2-20240211-IMG_8529-min-1-300x200.jpg 300w, https:\/\/fbw-nordheim.de\/wp-content\/uploads\/2024\/04\/2-20240211-IMG_8529-min-1-768x512.jpg 768w, https:\/\/fbw-nordheim.de\/wp-content\/uploads\/2024\/04\/2-20240211-IMG_8529-min-1-1536x1024.jpg 1536w, https:\/\/fbw-nordheim.de\/wp-content\/uploads\/2024\/04\/2-20240211-IMG_8529-min-1-2048x1365.jpg 2048w\" sizes=\"auto, (max-width: 1024px) 100vw, 1024px\" \/><\/a><\/figure><\/div>\n\n\n\n<hr class=\"wp-block-separator has-alpha-channel-opacity\"\/>\n\n\n\n<div class=\"wp-block-media-text is-stacked-on-mobile\"><figure class=\"wp-block-media-text__media\"><a href=\"https:\/\/fbw-nordheim.de\/wp-content\/uploads\/2024\/04\/Xander-6e1ad46b-b245-4fb8-819c-606d15c8517f.mp4\" target=\"_blank\" rel=\"noreferrer noopener\"><img loading=\"lazy\" decoding=\"async\" width=\"1024\" height=\"683\" src=\"https:\/\/fbw-nordheim.de\/wp-content\/uploads\/2024\/04\/18-20240303-IMG_1196-min-1024x683.jpg\" alt=\"\" class=\"wp-image-404 size-full\" srcset=\"https:\/\/fbw-nordheim.de\/wp-content\/uploads\/2024\/04\/18-20240303-IMG_1196-min-1024x683.jpg 1024w, https:\/\/fbw-nordheim.de\/wp-content\/uploads\/2024\/04\/18-20240303-IMG_1196-min-300x200.jpg 300w, https:\/\/fbw-nordheim.de\/wp-content\/uploads\/2024\/04\/18-20240303-IMG_1196-min-768x512.jpg 768w, https:\/\/fbw-nordheim.de\/wp-content\/uploads\/2024\/04\/18-20240303-IMG_1196-min-1536x1024.jpg 1536w, https:\/\/fbw-nordheim.de\/wp-content\/uploads\/2024\/04\/18-20240303-IMG_1196-min-2048x1365.jpg 2048w\" sizes=\"auto, (max-width: 1024px) 100vw, 1024px\" \/><\/a><\/figure><div class=\"wp-block-media-text__content\">\n<p class=\"wp-block-paragraph\"><strong>Dr. Jochen Xander<\/strong><br>Hausarzt, 54 Jahre, verheiratet, 3 Kinder<br>&#8222;Ich bin gerne\u2026 auf Familienspazierg\u00e4ngen mit Hund rund um Nordheim und Nordhausen unterwegs.&#8220;<\/p>\n<\/div><\/div>\n\n\n\n<hr class=\"wp-block-separator has-alpha-channel-opacity\"\/>\n\n\n\n<div class=\"wp-block-media-text has-media-on-the-right is-stacked-on-mobile\"><div class=\"wp-block-media-text__content\">\n<p class=\"wp-block-paragraph\"><strong>Thomas Krieg<\/strong><br>Schreinermeister und Bestatter, 36 Jahre, verheiratet, 1 Kind<br><em>Gemeinderat seit 2019<\/em><br>&#8222;Ich bin gerne\u2026 f\u00fcr die Gemeinde aktiv, weil es mir Freude bereitet, mich mit anderen engagierten Menschen auszutauschen und gemeinsam Projekte zu gestalten.&#8220;<\/p>\n<\/div><figure class=\"wp-block-media-text__media\"><a href=\"https:\/\/fbw-nordheim.de\/wp-content\/uploads\/2024\/04\/20240402_180728122_iOS.mp4\" target=\"_blank\" rel=\"noreferrer noopener\"><img loading=\"lazy\" decoding=\"async\" width=\"1024\" height=\"683\" src=\"https:\/\/fbw-nordheim.de\/wp-content\/uploads\/2024\/04\/4-20240211-IMG_8503-2-min-1024x683.jpg\" alt=\"\" class=\"wp-image-390 size-full\" srcset=\"https:\/\/fbw-nordheim.de\/wp-content\/uploads\/2024\/04\/4-20240211-IMG_8503-2-min-1024x683.jpg 1024w, https:\/\/fbw-nordheim.de\/wp-content\/uploads\/2024\/04\/4-20240211-IMG_8503-2-min-300x200.jpg 300w, https:\/\/fbw-nordheim.de\/wp-content\/uploads\/2024\/04\/4-20240211-IMG_8503-2-min-768x512.jpg 768w, https:\/\/fbw-nordheim.de\/wp-content\/uploads\/2024\/04\/4-20240211-IMG_8503-2-min-1536x1024.jpg 1536w, https:\/\/fbw-nordheim.de\/wp-content\/uploads\/2024\/04\/4-20240211-IMG_8503-2-min-2048x1365.jpg 2048w\" sizes=\"auto, (max-width: 1024px) 100vw, 1024px\" \/><\/a><\/figure><\/div>\n\n\n\n<hr class=\"wp-block-separator has-alpha-channel-opacity\"\/>\n\n\n\n<div class=\"wp-block-media-text is-stacked-on-mobile\"><figure class=\"wp-block-media-text__media\"><a href=\"https:\/\/fbw-nordheim.de\/wp-content\/uploads\/2024\/04\/d770c765-e1b6-4a2b-a667-50f9c5a78f13.mp4\" target=\"_blank\" rel=\"noreferrer noopener\"><img loading=\"lazy\" decoding=\"async\" width=\"1024\" height=\"683\" src=\"https:\/\/fbw-nordheim.de\/wp-content\/uploads\/2024\/04\/3-20240303-IMG_1254a-min-1024x683.jpg\" alt=\"\" class=\"wp-image-389 size-full\" srcset=\"https:\/\/fbw-nordheim.de\/wp-content\/uploads\/2024\/04\/3-20240303-IMG_1254a-min-1024x683.jpg 1024w, https:\/\/fbw-nordheim.de\/wp-content\/uploads\/2024\/04\/3-20240303-IMG_1254a-min-300x200.jpg 300w, https:\/\/fbw-nordheim.de\/wp-content\/uploads\/2024\/04\/3-20240303-IMG_1254a-min-768x512.jpg 768w, https:\/\/fbw-nordheim.de\/wp-content\/uploads\/2024\/04\/3-20240303-IMG_1254a-min-1536x1024.jpg 1536w, https:\/\/fbw-nordheim.de\/wp-content\/uploads\/2024\/04\/3-20240303-IMG_1254a-min-2048x1365.jpg 2048w\" sizes=\"auto, (max-width: 1024px) 100vw, 1024px\" \/><\/a><\/figure><div class=\"wp-block-media-text__content\">\n<p class=\"wp-block-paragraph\"><strong>Michael Pfautsch<\/strong><br>Selbstst\u00e4ndiger IT-Fachmann, 54 Jahre, ledig<br><em>Gemeinderat seit 2014<\/em><br>&#8222;Ich bin gerne\u2026 ehrenamtlich t\u00e4tig!&#8220;<\/p>\n<\/div><\/div>\n\n\n\n<hr class=\"wp-block-separator has-alpha-channel-opacity\"\/>\n\n\n\n<div class=\"wp-block-media-text has-media-on-the-right is-stacked-on-mobile\"><div class=\"wp-block-media-text__content\">\n<p class=\"wp-block-paragraph\"><strong>Benjamin Nagel<\/strong><br>Selbstst\u00e4ndiger Winzermeister, 41 Jahre, verheiratet, 2 Kinder<br><em>Gemeinderat seit 2019<\/em><br>&#8222;Ich bin gerne\u2026 mit meiner Familie in der\u00a0Natur\u00a0unterwegs.&#8220;<\/p>\n<\/div><figure class=\"wp-block-media-text__media\"><a href=\"https:\/\/fbw-nordheim.de\/wp-content\/uploads\/2024\/04\/b5be635f-f003-4329-b085-5595f15c180f.mp4\" target=\"_blank\" rel=\"noreferrer noopener\"><img loading=\"lazy\" decoding=\"async\" width=\"1024\" height=\"683\" src=\"https:\/\/fbw-nordheim.de\/wp-content\/uploads\/2024\/04\/6-20240303-IMG_1149-2-min-1024x683.jpg\" alt=\"\" class=\"wp-image-392 size-full\" srcset=\"https:\/\/fbw-nordheim.de\/wp-content\/uploads\/2024\/04\/6-20240303-IMG_1149-2-min-1024x683.jpg 1024w, https:\/\/fbw-nordheim.de\/wp-content\/uploads\/2024\/04\/6-20240303-IMG_1149-2-min-300x200.jpg 300w, https:\/\/fbw-nordheim.de\/wp-content\/uploads\/2024\/04\/6-20240303-IMG_1149-2-min-768x512.jpg 768w, https:\/\/fbw-nordheim.de\/wp-content\/uploads\/2024\/04\/6-20240303-IMG_1149-2-min-1536x1024.jpg 1536w, https:\/\/fbw-nordheim.de\/wp-content\/uploads\/2024\/04\/6-20240303-IMG_1149-2-min-2048x1365.jpg 2048w\" sizes=\"auto, (max-width: 1024px) 100vw, 1024px\" \/><\/a><\/figure><\/div>\n\n\n\n<hr class=\"wp-block-separator has-alpha-channel-opacity\"\/>\n\n\n\n<div class=\"wp-block-media-text is-stacked-on-mobile\"><figure class=\"wp-block-media-text__media\"><a href=\"https:\/\/fbw-nordheim.de\/wp-content\/uploads\/2024\/04\/Beate-Hachtel-1.mp4\" target=\"_blank\" rel=\"noreferrer noopener\"><img loading=\"lazy\" decoding=\"async\" width=\"1024\" height=\"683\" src=\"https:\/\/fbw-nordheim.de\/wp-content\/uploads\/2024\/04\/7-20240211-IMG_8428c-min-1024x683.jpg\" alt=\"\" class=\"wp-image-393 size-full\" srcset=\"https:\/\/fbw-nordheim.de\/wp-content\/uploads\/2024\/04\/7-20240211-IMG_8428c-min-1024x683.jpg 1024w, https:\/\/fbw-nordheim.de\/wp-content\/uploads\/2024\/04\/7-20240211-IMG_8428c-min-300x200.jpg 300w, https:\/\/fbw-nordheim.de\/wp-content\/uploads\/2024\/04\/7-20240211-IMG_8428c-min-768x512.jpg 768w, https:\/\/fbw-nordheim.de\/wp-content\/uploads\/2024\/04\/7-20240211-IMG_8428c-min-1536x1024.jpg 1536w, https:\/\/fbw-nordheim.de\/wp-content\/uploads\/2024\/04\/7-20240211-IMG_8428c-min-2048x1365.jpg 2048w\" sizes=\"auto, (max-width: 1024px) 100vw, 1024px\" \/><\/a><\/figure><div class=\"wp-block-media-text__content\">\n<p class=\"wp-block-paragraph\"><strong>Beate Hachtel geb. K\u00e4rcher<\/strong><br>Rentnerin, 68 Jahre, verwittwet, 3 Kinder, 7 Enkelkinder<br><em>Gemeinderat von 2009-2014 und seit 2019<\/em><br>&#8222;Ich bin gerne\u2026 in Nordheim unterwegs und freue mich \u00fcber jede(n) der mich kennt und gr\u00fc\u00dft. Ich setze mich gerne f\u00fcr Kinder und Senioren ein.&#8220;<\/p>\n<\/div><\/div>\n\n\n\n<hr class=\"wp-block-separator has-alpha-channel-opacity\"\/>\n\n\n\n<div class=\"wp-block-media-text has-media-on-the-right is-stacked-on-mobile\"><div class=\"wp-block-media-text__content\">\n<p class=\"wp-block-paragraph\"><strong>Marc Altmann<\/strong><br>Diplom-Finanzwirt (FH), 46 Jahre, verheiratet, 1 Kind<br><em>Gemeinderat seit 20<\/em>09<br>&#8222;Ich bin gerne\u2026 in Nordheim aktiv und w\u00fcrde mich freuen, Nordheim auch weiterhin mitgestalten zu d\u00fcrfen.&#8220;<\/p>\n<\/div><figure class=\"wp-block-media-text__media\"><a href=\"https:\/\/fbw-nordheim.de\/wp-content\/uploads\/2024\/04\/Marc-Gemeinderatswahl-Video-2024.mp4\" target=\"_blank\" rel=\"noreferrer noopener\"><img loading=\"lazy\" decoding=\"async\" width=\"1024\" height=\"683\" src=\"https:\/\/fbw-nordheim.de\/wp-content\/uploads\/2024\/04\/5altmann-20240303-IMG_0999-min-1024x683.jpg\" alt=\"\" class=\"wp-image-391 size-full\" srcset=\"https:\/\/fbw-nordheim.de\/wp-content\/uploads\/2024\/04\/5altmann-20240303-IMG_0999-min-1024x683.jpg 1024w, https:\/\/fbw-nordheim.de\/wp-content\/uploads\/2024\/04\/5altmann-20240303-IMG_0999-min-300x200.jpg 300w, https:\/\/fbw-nordheim.de\/wp-content\/uploads\/2024\/04\/5altmann-20240303-IMG_0999-min-768x512.jpg 768w, https:\/\/fbw-nordheim.de\/wp-content\/uploads\/2024\/04\/5altmann-20240303-IMG_0999-min-1536x1024.jpg 1536w, https:\/\/fbw-nordheim.de\/wp-content\/uploads\/2024\/04\/5altmann-20240303-IMG_0999-min-2048x1365.jpg 2048w\" sizes=\"auto, (max-width: 1024px) 100vw, 1024px\" \/><\/a><\/figure><\/div>\n\n\n\n<hr class=\"wp-block-separator has-alpha-channel-opacity\"\/>\n\n\n\n<div class=\"wp-block-media-text is-stacked-on-mobile\"><figure class=\"wp-block-media-text__media\"><a href=\"https:\/\/fbw-nordheim.de\/wp-content\/uploads\/2024\/04\/dfdca1d2-925d-465d-8504-6fd5548c8989.mp4\" target=\"_blank\" rel=\"noreferrer noopener\"><img loading=\"lazy\" decoding=\"async\" width=\"1024\" height=\"683\" src=\"https:\/\/fbw-nordheim.de\/wp-content\/uploads\/2024\/04\/14-20240211-IMG_8448-min-1024x683.jpg\" alt=\"\" class=\"wp-image-400 size-full\" srcset=\"https:\/\/fbw-nordheim.de\/wp-content\/uploads\/2024\/04\/14-20240211-IMG_8448-min-1024x683.jpg 1024w, https:\/\/fbw-nordheim.de\/wp-content\/uploads\/2024\/04\/14-20240211-IMG_8448-min-300x200.jpg 300w, https:\/\/fbw-nordheim.de\/wp-content\/uploads\/2024\/04\/14-20240211-IMG_8448-min-768x512.jpg 768w, https:\/\/fbw-nordheim.de\/wp-content\/uploads\/2024\/04\/14-20240211-IMG_8448-min-1536x1024.jpg 1536w, https:\/\/fbw-nordheim.de\/wp-content\/uploads\/2024\/04\/14-20240211-IMG_8448-min-2048x1365.jpg 2048w\" sizes=\"auto, (max-width: 1024px) 100vw, 1024px\" \/><\/a><\/figure><div class=\"wp-block-media-text__content\">\n<p class=\"wp-block-paragraph\"><strong>Katja Reinhard geb. Weinstok<\/strong><br>Sprach- und Kulturwissenschaftlerin, 38 Jahre, verheiratet, 3 Kinder<br>&#8222;Ich bin gerne&#8230; hier zu Hause, weil Nordheim eine lebenswerte Gemeinde ist, in der ich aufgewachsen und fest verwurzelt bin.&#8220;<\/p>\n<\/div><\/div>\n\n\n\n<hr class=\"wp-block-separator has-alpha-channel-opacity\"\/>\n","protected":false},"excerpt":{"rendered":"<p>Vielen Dank f\u00fcr ihre Stimmen! Harald MichelbachRealschullehrer, 53 Jahre,verheiratet, 4 KinderGemeinderat seit 2009&#8222;Ich bin gerne\u2026 auch weiterhin im Gemeinderat, um die Zukunft von Nordheim und<a href=\"https:\/\/fbw-nordheim.de\/?page_id=369\" class=\"more-link\"><span class=\"screen-reader-text\"> &#8222;Die Gemeinder\u00e4te&#8220;<\/span><\/a><\/p>\n","protected":false},"author":1,"featured_media":0,"parent":0,"menu_order":0,"comment_status":"closed","ping_status":"closed","template":"","meta":{"_crdt_document":"","footnotes":""},"class_list":["post-369","page","type-page","status-publish","hentry"],"_links":{"self":[{"href":"https:\/\/fbw-nordheim.de\/index.php?rest_route=\/wp\/v2\/pages\/369","targetHints":{"allow":["GET"]}}],"collection":[{"href":"https:\/\/fbw-nordheim.de\/index.php?rest_route=\/wp\/v2\/pages"}],"about":[{"href":"https:\/\/fbw-nordheim.de\/index.php?rest_route=\/wp\/v2\/types\/page"}],"author":[{"embeddable":true,"href":"https:\/\/fbw-nordheim.de\/index.php?rest_route=\/wp\/v2\/users\/1"}],"replies":[{"embeddable":true,"href":"https:\/\/fbw-nordheim.de\/index.php?rest_route=%2Fwp%2Fv2%2Fcomments&post=369"}],"version-history":[{"count":60,"href":"https:\/\/fbw-nordheim.de\/index.php?rest_route=\/wp\/v2\/pages\/369\/revisions"}],"predecessor-version":[{"id":572,"href":"https:\/\/fbw-nordheim.de\/index.php?rest_route=\/wp\/v2\/pages\/369\/revisions\/572"}],"wp:attachment":[{"href":"https:\/\/fbw-nordheim.de\/index.php?rest_route=%2Fwp%2Fv2%2Fmedia&parent=369"}],"curies":[{"name":"wp","href":"https:\/\/api.w.org\/{rel}","templated":true}]}}