{"id":200,"date":"2020-03-01T20:23:17","date_gmt":"2020-03-01T20:23:17","guid":{"rendered":"https:\/\/fbw-nordheim.de\/?page_id=200"},"modified":"2024-05-02T16:13:15","modified_gmt":"2024-05-02T15:13:15","slug":"haushaltsrede-2020","status":"publish","type":"page","link":"https:\/\/fbw-nordheim.de\/?page_id=200","title":{"rendered":"Haushaltsrede 2024"},"content":{"rendered":"\n<p class=\"wp-block-paragraph\"><strong>Harald Michelbach f\u00fcr die FBW-Fraktion<\/strong><\/p>\n\n\n\n<p class=\"wp-block-paragraph\">Sehr geehrter Herr B\u00fcrgermeister Schiek,<br>sehr geehrtes Rathausteam, liebe Gemeinderatskolleginnen und -kollegen, <br>liebe Mitb\u00fcrgerinnen und Mitb\u00fcrger,<\/p>\n\n\n\n<p class=\"wp-block-paragraph\">\u201eNichts ist so best\u00e4ndig wie der Wandel\u201c, sagte Heraklit vor etwa 2500 Jahren. Wandel ist wohl eine Konstante des Lebens. Manche Ver\u00e4nderungen l\u00f6sen eher Unbehagen, manche Freude aus. Lassen Sie mich die diesj\u00e4hrige Haushaltsrede doch mit der Sichtweise von Heraklit angehen.<\/p>\n\n\n\n<p class=\"wp-block-paragraph\">Wenn wir das beim diesj\u00e4hrigen Haushaltsplan tun, dann k\u00f6nnten wir ihm in einigen Gesichtspunkten sicher zustimmen \u2013 in anderen m\u00fcssten wir ihm aber auch widersprechen, weil ein erhoffter Wandel wohl ausbleibt oder auch manche Dinge einfach nur so bleiben, wie sie sind.<\/p>\n\n\n\n<p class=\"wp-block-paragraph\">Jetzt, Ende April 2024, den Haushaltsplan f\u00fcr das laufende Jahr beschlie\u00dfen, das ist das reichlich sp\u00e4t im Jahr. Ein Drittel ist rum und man k\u00f6nnte meinen, unsere Gemeinde gibt das Geld wohl planlos aus. Aber so ist es ja nicht: Vieles von dem, was an Einnahmen und Ausgaben ansteht, sind schlichtweg laufende Prozesse, die nur wenig Wandel erfahren, aber eben funktionieren m\u00fcssen. Vielleicht ist es auch gar nicht schlecht, die finanziellen Prognosen erst ein wenig sp\u00e4ter zu verabschieden \u2013 dann liegt man am Ende des Jahres mit dem Ergebnis vielleicht auch weniger daneben. Aber um bei Heraklit zu bleiben: Der Hauptgrund f\u00fcr den sp\u00e4ten Haushalt liegt in der Unterbesetzung in den \u00c4mtern unserer Verwaltung, ganz besonders in der K\u00e4mmerei. \u201eWandel\u201c bedeutete in diesem Amt, dass sich das Mitarbeiterkarussell schnell dreht und es den Mitarbeiterinnen und Mitarbeitern schlichtweg nicht m\u00f6glich war, den Haushaltsplan zu Jahresbeginn einzubringen. Wir hoffen sehr, dass diese Art von \u201eWandel\u201c in den n\u00e4chsten Jahren weniger schwungvoll vonstattengeht und wir Mitarbeiterinnen und Mitarbeiter haben, die Konstanz und Ruhe in das Alltagsgesch\u00e4ft bringen.<\/p>\n\n\n\n<p class=\"wp-block-paragraph\">In vielen anderen Bereichen h\u00e4tten wir uns viel mehr und vor allem schnelleren Wandel, zumindest aber Vorankommen gew\u00fcnscht.<\/p>\n\n\n\n<p class=\"wp-block-paragraph\">Im vergangenen Jahr \u00e4u\u00dferte ich an dieser Stelle die <strong>Hoffnung, dass\u2026<\/strong><\/p>\n\n\n\n<p class=\"wp-block-paragraph\"><strong>1. \u2026die Situation mit den Gefl\u00fcchteten und Obdachlosen sich entspannen m\u00f6ge<\/strong><\/p>\n\n\n\n<p class=\"wp-block-paragraph\">Weit gefehlt! Nach wie vor ist die Gemeinde f\u00fcr rund 130 Gefl\u00fcchtete und Obdachlose zust\u00e4ndig. Die Belastungsgrenze f\u00fcr die Gemeinde als Unterbringer ist erreicht und bei manchen Mitb\u00fcrgern ist die Toleranzgrenze inzwischen \u00fcberschritten. Das ist teilweise nachvollziehbar. Wir d\u00fcrfen aber nicht vergessen, dass wir es mit Menschen und Schicksalen zu tun haben und die von manchen geforderten \u201eeinfachen L\u00f6sungen\u201c nicht nur \u201eeinfach\u201c sind, sondern unmenschlich, egoistisch und \u00fcberheblich. Heraklit h\u00e4tte das \u00fcbrigens wohl als eine \u201eoberfl\u00e4chliche Realit\u00e4tswahrnehmung\u201c bezeichnet.<\/p>\n\n\n\n<p class=\"wp-block-paragraph\"><strong>2. \u2026die Ortskernsanierung in Nordhausen wirklich in die G\u00e4nge kommt<\/strong><\/p>\n\n\n\n<p class=\"wp-block-paragraph\">Leider hat sich kein Investor gefunden, der derzeit die kommunalen Geb\u00e4ude und Fl\u00e4chen im Zentrum angehen m\u00f6chte oder kann. Das ist \u00e4u\u00dferst unbefriedigend! Der einzige Wandel in der Nordhausener Ortsmitte ist momentan nur der weitere Verfall. Viele Geb\u00e4ude an der Durchgangsstra\u00dfe stehen leer. Der unumgehbare Abriss gemeindeeigener Liegenschaften steht noch an. Wenigstens haben wir gerade endlich Informationen zur Machbarkeit der Nahw\u00e4rmeversorgung erhalten. &nbsp;Die Sanierung des gesamten Stra\u00dfenzuges der Waldenserstra\u00dfe und der Zaberg\u00e4ustra\u00dfe h\u00e4ngt. Unsere f\u00fcr mich wichtigste kommunale Baustelle ist die, dass es in Nordhausen noch keine Baustelle gibt.<\/p>\n\n\n\n<p class=\"wp-block-paragraph\"><strong>3. \u2026der private Wohnungsbau in Nordheim und Nordhausen an Fahrt gewinnt<\/strong><\/p>\n\n\n\n<p class=\"wp-block-paragraph\">Auch hier ziehen sich die Planungen in die L\u00e4nge. Sowohl f\u00fcr Nordheim als auch f\u00fcr Nordhausen h\u00e4tten wir uns sehr viel schnellere Planungs- und Umsetzungsphasen gew\u00fcnscht. Auch die bereits genehmigten Innenentwicklungen im Auerberg lassen weiter auf sich warten. Die aktuelle Situation am Bau ist schlecht \u2013 so eben auch bei uns. Es ist weiteres Potential vorhanden. Fl\u00e4chen in der Brackenheimer Stra\u00dfe, am Marktplatz, in der Kirchstra\u00dfe oder das Diakoniegeb\u00e4ude \u2013 Wandel dauert manchmal eben l\u00e4nger. Oder anders formuliert: Qualit\u00e4t braucht Zeit\u2026 und gen\u00fcgend Mitarbeiter, die sich der Aufgaben dann annehmen k\u00f6nnen. So ist es auch mit dem potentiellen Baugebiet auf dem Weihen, dessen Verwirklichung derzeit in den Sternen steht oder dem \u00dcberdenken alter Bebauungspl\u00e4ne, die vielleicht nicht mehr unbedingt zeitgem\u00e4\u00df sind.<\/p>\n\n\n\n<p class=\"wp-block-paragraph\"><strong>4. \u2026das Gewerbegebiet Breitenbaum Formen annimmt<\/strong><\/p>\n\n\n\n<p class=\"wp-block-paragraph\">Gutachten und Planert\u00e4tigkeiten dauern an, das Bauamt ist erst seit diesem Jahr wieder ansatzweise ausreichend besetzt. Zudem erschwert die B\u00fcrokratie und unverh\u00e4ltnism\u00e4\u00dfige Ausgleichsma\u00dfnahmen ein zielf\u00fchrendes Weiterkommen. So wird auch der Weg zum Gewerbegebiet Breitenbaum zur Marathonstrecke.<\/p>\n\n\n\n<p class=\"wp-block-paragraph\"><strong>5. \u2026der Kindergarten in der Heuchelbergstra\u00dfe zur Sanierung kommt<\/strong><\/p>\n\n\n\n<p class=\"wp-block-paragraph\">W\u00e4hrend das Dach nach wie vor undicht ist, m\u00fcssen wir die gesamte Ma\u00dfnahme europaweit ausschreiben und Fristen einhalten. Au\u00dferdem gilt es zu \u00fcberlegen, wo und wie die Kinder der Einrichtung in der Sanierungsphase untergebracht werden k\u00f6nnen. Zum Gl\u00fcck scheint sich da eine L\u00f6sung anzubahnen.<\/p>\n\n\n\n<p class=\"wp-block-paragraph\"><strong>6. \u2026das Projekt Sonnengarten \u2013 wie es inzwischen hei\u00dft &#8211; durchstartet<\/strong><\/p>\n\n\n\n<p class=\"wp-block-paragraph\">Das sah zu Jahresbeginn noch ganz gut aus. Nun teilt das Landratsamt mit, dass die f\u00fcr die Umsetzung notwendigen hohen, zu erwartenden Mietpreise, nicht machbar sind. Somit steht auch hinter der m\u00f6glichen Nutzung durch die Lebenswerkstatt und die Diakonie ein gro\u00dfes Fragezeichen. Das frustriert. Und was jetzt? Finden sich Investoren, die auch andere Nutzungsm\u00f6glichkeiten ins Spiel bringen. Ein sogenanntes Mehrgenerationenhaus vielleicht?<\/p>\n\n\n\n<p class=\"wp-block-paragraph\"><strong>7.\u2026die Deutsche Giganetz ihre Arbeiten beendet<\/strong><\/p>\n\n\n\n<p class=\"wp-block-paragraph\">Nein, auch das ist noch nicht erledigt. Ganz zu schweigen von den M\u00e4ngeln, die es noch zu beheben gibt.<\/p>\n\n\n\n<p class=\"wp-block-paragraph\">Heraklit h\u00e4tte jetzt vielleicht geantwortet: \u201eDas mit der Best\u00e4ndigkeit des Wandels gilt wohl \u00fcberall, aber manches geht in Nordheim ziemlich langsam!\u201c<\/p>\n\n\n\n<p class=\"wp-block-paragraph\">Doch so negativ sich nun manches anh\u00f6rt, nein, das ist nicht das Fazit, mit dem ich schon zum Ende der Haushaltsrede kommen werde. Denn trotz allem, was uns allen hier nicht gut genug oder schnell genug geht, wir k\u00f6nnen auch viel Positives benennen.<\/p>\n\n\n\n<p class=\"wp-block-paragraph\">Wenn in der \u00fcbern\u00e4chsten Woche das Freibad \u00f6ffnen kann, dann nur deshalb, weil wir eine Fachkraft gefunden haben, die mit Unterst\u00fctzung der DLRG, den Mitarbeitern des Bauhofs und dem neu bzw. wiedergegr\u00fcndeten Freibadf\u00f6rderverein die Saison schon irgendwie schaukeln wird.<\/p>\n\n\n\n<p class=\"wp-block-paragraph\">Unsere Gemeinschaftsschule startet nach den Sommerferien erneut zweiz\u00fcgig in die f\u00fcnften Klassen. Das war zum Start dieser Schulart nicht zu erwarten, nicht einmal zu erhoffen! Ganz offenbar ist es gelungen, diese weiterf\u00fchrende Schule bei uns zu etablieren. Wenn nun die R\u00e4ume knapp werden, dann wird das wohl teuer werden, aber eigentlich ist das erst einmal ein Zeichen daf\u00fcr, dass dort gute Arbeit geleistet wird.<\/p>\n\n\n\n<p class=\"wp-block-paragraph\">Dass der von uns unterst\u00fctzte Windpark Heuchelberg bis zu seiner Inbetriebnahme einiges an Zeit braucht, war vermutlich allen klar. Dennoch freuen wir uns daran, dass der Gesellschaftsvertrag mit den beteiligten Kommunen und Graf Neipperg abgeschlossen werden konnte. Wir sind nun gespannt, welche Ergebnisse die angelaufenen Gutachten bringen werden. Von unserem Partner Zeag sind wir nach wie vor \u00fcberzeugt und froh dar\u00fcber, dass wir als Gemeinde und als B\u00fcrgerschaft bei allen Schritten hin zum Windpark und bei der Betreibung des Windparks mit im Boot sitzen. In unserer direkten Nachbarschaft erleben wir, dass solche Projekte auch anders ablaufen k\u00f6nnen.<\/p>\n\n\n\n<p class=\"wp-block-paragraph\">Doch nicht nur an der Erzeugung von gr\u00fcner Energie arbeiten wir, sondern auch am Einsparen. Inzwischen ist die komplette Stra\u00dfenbeleuchtung in unserer Gemeinde auf LED umgestellt. Zudem werden wir die Verbr\u00e4uche unserer kommunalen Geb\u00e4ude digital erfassen. Auch mit dieser Ma\u00dfnahme wird Geld gespart werden.<\/p>\n\n\n\n<p class=\"wp-block-paragraph\">Alle beteiligten Kommunen haben weiteren Planungen f\u00fcr die Zaberg\u00e4ubahn zugestimmt. Das ist zuerst einmal eine richtige Entscheidung. Wir in Nordheim und Nordhausen kn\u00fcpfen diese Zustimmung aber an klare Bedingungen, die wir auch deutlich formuliert haben. Wie, wann und auch noch ob die Zaberg\u00e4ubahn fahren wird, ist aber \u00e4u\u00dferst offen.<\/p>\n\n\n\n<p class=\"wp-block-paragraph\">Viel schneller und bereits umgesetzt ging es mit dem Kauf des neuen B\u00fcrgerbusses f\u00fcr unsere Gemeinde, auch durch die gro\u00dfz\u00fcgige Unterst\u00fctzung der Nordheimer Gewerbetreibenden. Durch die ehrenamtliche und sehr lobenswerte Arbeit unserer Fahrer rollt der kostenlose Bus an zwei Tagen durch unsere Ortsteile. Eine prima Sache!<\/p>\n\n\n\n<p class=\"wp-block-paragraph\">Nordheim ist eine lebendige Gemeinde! Das konnten wir \u00fcber das gesamte Jubil\u00e4umsjahr 2023 feststellen. Vereine, Kirchen und viele ehrenamtliche Helfer haben unter der Federf\u00fchrung von Frau Sommerfeld und Frau Frank ein tolles Veranstaltungsjahr erm\u00f6glicht. Es wurde deutlich, dass Gemeinsinn und Zusammenhalt nach wie vor zum Genpool vieler B\u00fcrger unserer Gemeinde geh\u00f6ren. Ein Highlight unserer Feier war sicherlich der Besuch aus den anderen Nordheims bei uns. Erste Kontakte sind gekn\u00fcpft und wir freuen uns schon jetzt auf die erneute Begegnung mit den anderen Nordheimern und auf die Intensivierung der Beziehung der Gemeinden. Nun wollen wir den Schwung des Jubil\u00e4umsjahres mitnehmen in dieses Jahr \u2013 kleiner zwar, aber schon jetzt freuen wir uns auf das Festwochenende im Juli im Nordheimer Parkgel\u00e4nde. Und diese Veranstaltung kann dann ja auch dazu dienen, um Fahrt aufzunehmen f\u00fcr das in 2025 anstehende 325-j\u00e4hrige Jubil\u00e4um von Nordhausen. Dieses Ereignis muss auf jeden Fall ebenfalls von Verwaltungsseite mit unterst\u00fctzt und mitgeplant werden.<\/p>\n\n\n\n<p class=\"wp-block-paragraph\">Ich m\u00f6chte Heraklit zurufen: \u201eTja, mein Lieber, es geht schon was in Nordheim, aber halt nicht alles so schnell, wie wir uns das w\u00fcnschen w\u00fcrden.\u201c Denn bei all dem d\u00fcrfen wir auch nicht vergessen, dass nur umsetzbar ist, was finanzierbar ist. Alles andere w\u00e4re unverantwortlich. Deshalb ist es gut, dass sich alle Beteiligten im Rathaus akribisch mit den Zahlen besch\u00e4ftigt haben. Auch wir Gemeinder\u00e4te haben die Zahlen unter die Lupe genommen. Beim Ergebnishaushalt stehen den Einnahmen aus Gewerbesteuer, Einkommenssteuer, Schl\u00fcsselzuweisungen, Kindergartengeb\u00fchren und kleineren Einnahmeposten vor allem die nun 10,6 Millionen Euro f\u00fcrs Personal entgegen. Im Stellenplan finden wir ein Plus von 3,9 Stellen im Vergleich zum Vorjahr, rund 43% der Besch\u00e4ftigten nach Stellenumfang sind in Kinderg\u00e4rten und Krippen besch\u00e4ftigt \u2013 das sind fast 50% der bei der Gemeinde angestellten Personen. Das ist immens und zeigt, dass wir uns dieser wichtigen Aufgabe stellen. Insgesamt besch\u00e4ftigt die Gemeinde rund 220 Menschen.<\/p>\n\n\n\n<p class=\"wp-block-paragraph\">Im Finanzhaushalt mit den Investitionen sind nicht die ganz gro\u00dfen Brocken zu finden \u2013 in der Summe ergibt sich dann aber doch eine gro\u00dfe Zahl. So haben wir bereits zu Beginn des Jahres drei Geb\u00e4ude erworben. Das Geld ist zwar weg, das Verm\u00f6gen in Form der H\u00e4user ist ja aber da.<\/p>\n\n\n\n<p class=\"wp-block-paragraph\">Des Weiteren geben wir Geld aus f\u00fcr den Medienentwicklungsplan der Schule, die Fassade der Ortsb\u00fccherei, die Nachr\u00fcstung von Regen\u00fcberlaufbecken, dem barrierefreien Ausbau von Bushaltestellen, die Fertigstellung der Sanierungsplanungen und den Bau des Aussegnungsraums in Nordhausen. Das h\u00f6rt sich alles nicht so viel an, unter dem Strich geben wir aber \u2013 vereinfacht gesagt \u2013 mehr aus, als wir haben.<\/p>\n\n\n\n<p class=\"wp-block-paragraph\">Hei\u00dft: Wir m\u00fcssen damit rechnen, im Laufe des Jahres einen Kredit in H\u00f6he von rund einer halben Million Euro aufnehmen zu m\u00fcssen.&nbsp; Von der Erwirtschaftung der Abschreibungen brauchen wir wie viele andere Kommunen also \u00fcberhaupt nicht zu reden. Wie sagte B\u00fcrgermeister Schiek bei der Einbringung des Haushaltsplanes: \u201eWe are not amused.\u201c<\/p>\n\n\n\n<p class=\"wp-block-paragraph\">Wir auch nicht, Herr B\u00fcrgermeister Schiek. Aber wir leben in der Hoffnung, dass dann in der Abrechnung des Jahres 2024 die Zahlen &#8211; wie so oft &#8211; doch besser aussehen, als zun\u00e4chst angenommen. Wir von der FBW sind gewiss, dass der vorliegende Plan dennoch eine solide Grundlage f\u00fcr das Handeln in unserer Gemeinde sein wird. Deshalb stimmen wir dem vorliegenden Haushaltsplan und dem Plan f\u00fcr das Wasserwerk zu. Nun ist es aber dringend notwendig, dass die Ergebnisse der letzten Haushalte als Referenz f\u00fcr die folgenden Haushalte mit aufgef\u00fchrt werden.<\/p>\n\n\n\n<p class=\"wp-block-paragraph\">Wie war das mit Heraklit? Nichts ist so best\u00e4ndig wie der Wandel? Ja, da ist was dran. Auch, wenn der Wandel zum Besseren oft l\u00e4nger dauert, als es einem lieb ist und wir ja nicht nur tatenlos zusehen m\u00fcssen, wie sich Wandel vollzieht. Wir k\u00f6nnen hier in diesem Gremium den Wandel mitgestalten.<\/p>\n\n\n\n<p class=\"wp-block-paragraph\">Ich denke, das gelingt uns meist sehr gut. Vielleicht hat Abraham Lincoln ja an Heraklit gedacht, als er sagte: \u201eDie beste M\u00f6glichkeit, die Zukunft vorherzusagen, ist sie zu gestalten.\u201c<\/p>\n\n\n\n<p class=\"wp-block-paragraph\">Das tun wir nicht nur mit dem Absegnen eines Haushaltsplans, f\u00fcr dessen Erstellung wir uns bei Jochen Schmidt, Niklas Bauer, Volker Schiek, Robin Eichhorn und dem gesamten Rathausteam herzlich bedanken.<\/p>\n\n\n\n<p class=\"wp-block-paragraph\">Das tun auch wir &nbsp;in vielen Entscheidungen, die wir hier im Gremium f\u00e4llen und in den letzten f\u00fcnf Jahren dieser Legislaturperiode gef\u00e4llt haben.<\/p>\n\n\n\n<p class=\"wp-block-paragraph\">Dabei waren wir nicht immer einer Meinung \u2013 aber wir haben es geschafft, andere Meinungen stehen zu lassen oder in die eigenen Entscheidungen einflie\u00dfen zu lassen. Das war, so finde ich, eine gro\u00dfe St\u00e4rke in unserer Runde. Deshalb m\u00f6chte ich mich im Namen der gesamten FBW-Fraktion bei unseren Gemeinderatskolleginnen und -kollegen f\u00fcr die konstruktive und kollegiale Zusammenarbeit bedanken. Ebenso geht unser Dank an die vielen Mitarbeiter unserer Gemeinde, egal ob im Bauhof oder in der Verwaltung, bei der Reinigung oder in der Arbeit mit den Kindern, in der B\u00fccherei oder im Freibad, in der Integration oder in der Hausmeisterei.<\/p>\n\n\n\n<p class=\"wp-block-paragraph\">Blicken wir bei allen negativen Botschaften unserer Zeit zuversichtlich nach vorne und lassen Sie uns gemeinsam die Segel so setzen, dass wir den Wandel bestm\u00f6glich gestalten. <\/p>\n\n\n\n<p class=\"wp-block-paragraph\">Danke f\u00fcr die Aufmerksamkeit.<\/p>\n\n\n\n<hr class=\"wp-block-separator has-alpha-channel-opacity\"\/>\n\n\n\n<p class=\"wp-block-paragraph\"><a href=\"https:\/\/fbw-nordheim.de\/wp-content\/uploads\/2024\/05\/Haushaltsrede-2023.pdf\" data-type=\"attachment\" data-id=\"559\" target=\"_blank\" rel=\"noreferrer noopener\">Hier<\/a> geht es zur Haushaltsrede 2023.<\/p>\n","protected":false},"excerpt":{"rendered":"<p>Harald Michelbach f\u00fcr die FBW-Fraktion Sehr geehrter Herr B\u00fcrgermeister Schiek,sehr geehrtes Rathausteam, liebe Gemeinderatskolleginnen und -kollegen, liebe Mitb\u00fcrgerinnen und Mitb\u00fcrger, \u201eNichts ist so best\u00e4ndig wie<a href=\"https:\/\/fbw-nordheim.de\/?page_id=200\" class=\"more-link\"><span class=\"screen-reader-text\"> &#8222;Haushaltsrede 2024&#8220;<\/span><\/a><\/p>\n","protected":false},"author":1,"featured_media":0,"parent":0,"menu_order":0,"comment_status":"closed","ping_status":"closed","template":"","meta":{"_crdt_document":"","footnotes":""},"class_list":["post-200","page","type-page","status-publish","hentry"],"_links":{"self":[{"href":"https:\/\/fbw-nordheim.de\/index.php?rest_route=\/wp\/v2\/pages\/200","targetHints":{"allow":["GET"]}}],"collection":[{"href":"https:\/\/fbw-nordheim.de\/index.php?rest_route=\/wp\/v2\/pages"}],"about":[{"href":"https:\/\/fbw-nordheim.de\/index.php?rest_route=\/wp\/v2\/types\/page"}],"author":[{"embeddable":true,"href":"https:\/\/fbw-nordheim.de\/index.php?rest_route=\/wp\/v2\/users\/1"}],"replies":[{"embeddable":true,"href":"https:\/\/fbw-nordheim.de\/index.php?rest_route=%2Fwp%2Fv2%2Fcomments&post=200"}],"version-history":[{"count":13,"href":"https:\/\/fbw-nordheim.de\/index.php?rest_route=\/wp\/v2\/pages\/200\/revisions"}],"predecessor-version":[{"id":562,"href":"https:\/\/fbw-nordheim.de\/index.php?rest_route=\/wp\/v2\/pages\/200\/revisions\/562"}],"wp:attachment":[{"href":"https:\/\/fbw-nordheim.de\/index.php?rest_route=%2Fwp%2Fv2%2Fmedia&parent=200"}],"curies":[{"name":"wp","href":"https:\/\/api.w.org\/{rel}","templated":true}]}}